{"id":3,"date":"2022-02-16T13:00:23","date_gmt":"2022-02-16T12:00:23","guid":{"rendered":"http:\/\/suelosnegros-bio.com\/?page_id=3"},"modified":"2023-02-19T19:05:50","modified_gmt":"2023-02-19T18:05:50","slug":"privacy-policy","status":"publish","type":"page","link":"https:\/\/suelosnegros-bio.com\/es\/privacy-policy\/","title":{"rendered":"Pol\u00edtica de privacidad"},"content":{"rendered":"<h2 class=\"wp-block-heading\">Who we are<\/h2><p><strong class=\"privacy-policy-tutorial\">Suggested text: <\/strong>Our website address is: http:\/\/suelosnegros-bio.com.<\/p><h2 class=\"wp-block-heading\">Comments<\/h2><p><strong class=\"privacy-policy-tutorial\">Suggested text: <\/strong>When visitors leave comments on the site we collect the data shown in the comments form, and also the visitor&#8217;s IP address and browser user agent string to help spam detection.<\/p><p>An anonymized string created from your email address (also called a hash) may be provided to the Gravatar service to see if you are using it. The Gravatar service privacy policy is available here: https:\/\/automattic.com\/privacy\/. After approval of your comment, your profile picture is visible to the public in the context of your comment.<\/p><h2 class=\"wp-block-heading\">Media<\/h2><p><strong class=\"privacy-policy-tutorial\">Suggested text: <\/strong>If you upload images to the website, you should avoid uploading images with embedded location data (EXIF GPS) included. Visitors to the website can download and extract any location data from images on the website.<\/p><h2 class=\"wp-block-heading\">Cookies<\/h2><p><strong class=\"privacy-policy-tutorial\">Suggested text: <\/strong>If you leave a comment on our site you may opt-in to saving your name, email address and website in cookies. These are for your convenience so that you do not have to fill in your details again when you leave another comment. These cookies will last for one year.<\/p><p>If you visit our login page, we will set a temporary cookie to determine if your browser accepts cookies. This cookie contains no personal data and is discarded when you close your browser.<\/p><p>When you log in, we will also set up several cookies to save your login information and your screen display choices. Login cookies last for two days, and screen options cookies last for a year. If you select &quot;Remember Me&quot;, your login will persist for two weeks. If you log out of your account, the login cookies will be removed.<\/p><p>If you edit or publish an article, an additional cookie will be saved in your browser. This cookie includes no personal data and simply indicates the post ID of the article you just edited. It expires after 1 day.<\/p><h2 class=\"wp-block-heading\">Embedded content from other websites<\/h2><p><strong class=\"privacy-policy-tutorial\">Suggested text: <\/strong>Articles on this site may include embedded content (e.g. videos, images, articles, etc.). Embedded content from other websites behaves in the exact same way as if the visitor has visited the other website.<\/p><p>These websites may collect data about you, use cookies, embed additional third-party tracking, and monitor your interaction with that embedded content, including tracking your interaction with the embedded content if you have an account and are logged in to that website.<\/p><h2 class=\"wp-block-heading\">Who we share your data with<\/h2><p><strong class=\"privacy-policy-tutorial\">Suggested text: <\/strong>If you request a password reset, your IP address will be included in the reset email.<\/p><h2 class=\"wp-block-heading\">How long we retain your data<\/h2><p><strong class=\"privacy-policy-tutorial\">Suggested text: <\/strong>If you leave a comment, the comment and its metadata are retained indefinitely. This is so we can recognize and approve any follow-up comments automatically instead of holding them in a moderation queue.<\/p><p>For users that register on our website (if any), we also store the personal information they provide in their user profile. All users can see, edit, or delete their personal information at any time (except they cannot change their username). Website administrators can also see and edit that information.<\/p><h2 class=\"wp-block-heading\">What rights you have over your data<\/h2><p><strong class=\"privacy-policy-tutorial\">Suggested text: <\/strong>If you have an account on this site, or have left comments, you can request to receive an exported file of the personal data we hold about you, including any data you have provided to us. You can also request that we erase any personal data we hold about you. This does not include any data we are obliged to keep for administrative, legal, or security purposes.<\/p><h2 class=\"wp-block-heading\">Where we send your data<\/h2><p><strong class=\"privacy-policy-tutorial\">Suggested text: <\/strong>Visitor comments may be checked through an automated spam detection service.<\/p>","protected":false},"excerpt":{"rendered":"<p>Who we are Suggested text: Our website address is: http:\/\/suelosnegros-bio.com. Comments Suggested text: When visitors leave comments on the site we collect the data shown in the comments form, and also the visitor&#8217;s IP address and browser user agent string to help spam detection. An anonymized string created from your email address (also called a [&hellip;]<\/p>","protected":false},"author":1,"featured_media":0,"parent":0,"menu_order":2,"comment_status":"closed","ping_status":"open","template":"","meta":[],"class_list":["post-3","page","type-page","status-publish","hentry"],"grid":"{\r\n  \"colCount\": 15,\r\n  \"colGutter\": 1,\r\n  \"rowGutters\": [\r\n    1\r\n  ],\r\n  \"frameMargin\": 5,\r\n  \"leftFrameMargin\": 5,\r\n  \"rightFrameMargin\": 5,\r\n  \"topFrameMargin\": 80,\r\n  \"bottomFrameMargin\": 5,\r\n  \"rowAttrs\": [\r\n    {\r\n      \"relid\": 6\r\n    },\r\n    {\r\n      \"relid\": 7\r\n    }\r\n  ],\r\n  \"bgColor\": null,\r\n  \"cont\": [\r\n    {\r\n      \"type\": \"hr\",\r\n      \"cont\": \"\",\r\n      \"align\": \"middle\",\r\n      \"row\": 0,\r\n      \"col\": 3,\r\n      \"colspan\": 12,\r\n      \"offsetx\": 0,\r\n      \"offsety\": 0,\r\n      \"spaceabove\": 0,\r\n      \"spacebelow\": 0,\r\n      \"yvel\": 1,\r\n      \"push\": 3,\r\n      \"relid\": 5,\r\n      \"frameOverflow\": \"\",\r\n      \"absolute_position\": false\r\n    },\r\n    {\r\n      \"type\": \"text\",\r\n      \"cont\": \"<h1 class=\\\"_H1\\\">Privacy Policy<\/h1>\\n<p>\u00a0<\/p>\\n<p>Personal data (usually referred to just as \\\"data\\\" below) will only be processed by us to the extent necessary and for the purpose of providing a functional and user-friendly website, including its contents, and the services offered there.<\/p>\\n<p>Per Art. 4 No. 1 of Regulation (EU) 2016\/679, i.e. the General Data Protection Regulation (hereinafter referred to as the \\\"GDPR\\\"), \\\"processing\\\" refers to any operation or set of operations such as collection, recording, organization, structuring, storage, adaptation, alteration, retrieval, consultation, use, disclosure by transmission, dissemination, or otherwise making available, alignment, or combination, restriction, erasure, or destruction performed on personal data, whether by automated means or not.<\/p>\\n<p>The following privacy policy is intended to inform you in particular about the type, scope, purpose, duration, and legal basis for the processing of such data either under our own control or in conjunction with others. We also inform you below about the third-party components we use to optimize our website and improve the user experience which may result in said third parties also processing data they collect and control.<\/p>\\n<p>Our privacy policy is structured as follows:<\/p>\\n<p>I. Information about us as controllers of your data<br \/>II. The rights of users and data subjects<br \/>III. Information about the data processing<\/p>\\n<h3><strong>I. Information about us as controllers of your data<\/strong><\/h3>\\n<p>The party responsible for this website (the \\\"controller\\\") for purposes of data protection law is:<\/p>\\n<p class=\\\"_Default\\\">Dr. Diego Perrig<br \/>Ituzaing\u00f3 1059, R\u00edo Cuarto, CP (zip code) 5800, C\u00f3rdoba, Argentina<br \/>suelosnegros@gmx.net<\/p>\\n<h3><strong>II. The rights of users and data subjects<\/strong><\/h3>\\n<p>With regard to the data processing to be described in more detail below, users and data subjects have the right<\/p>\\n<ul type=\\\"disc\\\">\\n<li>to confirmation of whether data concerning them is being processed, information about the data being processed, further information about the nature of the data processing, and copies of the data (cf. also Art. 15 GDPR);<\/li>\\n<li>to correct or complete incorrect or incomplete data (cf. also Art. 16 GDPR);<\/li>\\n<li>to the immediate deletion of data concerning them (cf. also Art. 17 DSGVO), or, alternatively, if further processing is necessary as stipulated in Art. 17 Para. 3 GDPR, to restrict said processing per Art. 18 GDPR;<\/li>\\n<li>to receive copies of the data concerning them and\/or provided by them and to have the same transmitted to other providers\/controllers (cf. also Art. 20 GDPR);<\/li>\\n<li>to file complaints with the supervisory authority if they believe that data concerning them is being processed by the controller in breach of data protection provisions (see also Art. 77 GDPR).<\/li>\\n<\/ul>\\n<p>In addition, the controller is obliged to inform all recipients to whom it discloses data of any such corrections, deletions, or restrictions placed on processing the same per Art. 16, 17 Para. 1, 18 GDPR. However, this obligation does not apply if such notification is impossible or involves a disproportionate effort. Nevertheless, users have a right to information about these recipients.<\/p>\\n<p><strong>Likewise, under Art. 21 GDPR, users and data subjects have the right to object to the controller's future processing of their data pursuant to Art. 6 Para. 1 lit. f) GDPR. In particular, an objection to data processing for the purpose of direct advertising is permissible.<\/strong><\/p>\\n<h3><strong>III. Information about the data processing<\/strong><\/h3>\\n<p>Your data processed when using our website will be deleted or blocked as soon as the purpose for its storage ceases to apply, provided the deletion of the same is not in breach of any statutory storage obligations or unless otherwise stipulated below.<\/p>\\n<h4><strong>Server data<\/strong><\/h4>\\n<p>For technical reasons, the following data sent by your internet browser to us or to our server provider will be collected, especially to ensure a secure and stable website: These server log files record the type and version of your browser, operating system, the website from which you came (referrer URL), the webpages on our site visited, the date and time of your visit, as well as the IP address from which you visited our site.<\/p>\\n<p>The data thus collected will be temporarily stored, but not in association with any other of your data.<\/p>\\n<p>The basis for this storage is Art. 6 Para. 1 lit. f) GDPR. Our legitimate interest lies in the improvement, stability, functionality, and security of our website.<\/p>\\n<p>The data will be deleted within no more than seven days, unless continued storage is required for evidentiary purposes. In which case, all or part of the data will be excluded from deletion until the investigation of the relevant incident is finally resolved.<\/p>\\n<h4><strong>Cookies<\/strong><\/h4>\\n<h5>a) Session cookies<\/h5>\\n<p>We use cookies on our website. Cookies are small text files or other storage technologies stored on your computer by your browser. These cookies process certain specific information about you, such as your browser, location data, or IP address. \u00a0<\/p>\\n<p>This processing makes our website more user-friendly, efficient, and secure, allowing us, for example, to display our website in different languages or to offer a shopping cart function.<\/p>\\n<p>The legal basis for such processing is Art. 6 Para. 1 lit. b) GDPR, insofar as these cookies are used to collect data to initiate or process contractual relationships.<\/p>\\n<p>If the processing does not serve to initiate or process a contract, our legitimate interest lies in improving the functionality of our website. The legal basis is then Art. 6 Para. 1 lit. f) GDPR.<\/p>\\n<p>When you close your browser, these session cookies are deleted.<\/p>\\n<h5>b) Third-party cookies<\/h5>\\n<p>If necessary, our website may also use cookies from companies with whom we cooperate for the purpose of advertising, analyzing, or improving the features of our website.<\/p>\\n<p>Please refer to the following information for details, in particular for the legal basis and purpose of such third-party collection and processing of data collected through cookies.<\/p>\\n<h5>c) Disabling cookies<\/h5>\\n<p>You can refuse the use of cookies by changing the settings on your browser. Likewise, you can use the browser to delete cookies that have already been stored. However, the steps and measures required vary, depending on the browser you use. If you have any questions, please use the help function or consult the documentation for your browser or contact its maker for support. Browser settings cannot prevent so-called flash cookies from being set. Instead, you will need to change the setting of your Flash player. The steps and measures required for this also depend on the Flash player you are using. If you have any questions, please use the help function or consult the documentation for your Flash player or contact its maker for support.<\/p>\\n<p>If you prevent or restrict the installation of cookies, not all of the functions on our site may be fully usable.<\/p>\\n<h4><strong>Contact<\/strong><\/h4>\\n<p>If you contact us via email or the contact form, the data you provide will be used for the purpose of processing your request. We must have this data in order to process and answer your inquiry; otherwise we will not be able to answer it in full or at all.<\/p>\\n<p>The legal basis for this data processing is Art. 6 Para. 1 lit. b) GDPR.<\/p>\\n<p>Your data will be deleted once we have fully answered your inquiry and there is no further legal obligation to store your data, such as if an order or contract resulted therefrom.<\/p>\\n<h4><strong>YouTube<\/strong><\/h4>\\n<p>We maintain an online presence on YouTube to present our company and our services and to communicate with customers\/prospects. YouTube is a service of Google Ireland Limited, Gordon House, Barrow Street, Dublin 4, Ireland, a subsidiary of Google LLC, 1600 Amphitheater Parkway, Mountain View, CA 94043 USA.<\/p>\\n<p>We would like to point out that this might cause user data to be processed outside the European Union, particularly in the United States. This may increase risks for users that, for example, may make subsequent access to the user data more difficult. We also do not have access to this user data. Access is only available to YouTube.<\/p>\\n<p>The YouTube privacy policy can be found here:<\/p>\\n<p><a rel=\\\"noopener\\\" href=\\\"https:\/\/policies.google.com\/privacy\\\" target=\\\"_blank\\\">https:\/\/policies.google.com\/privacy<\/a><\/p>\\n<h4>Social media links via graphics<\/h4>\\n<p>We also integrate the following social media sites into our website. The integration takes place via a linked graphic of the respective site. The use of these graphics stored on our own servers prevents the automatic connection to the servers of these networks for their display. Only by clicking on the corresponding graphic will you be forwarded to the service of the respective social network.<\/p>\\n<p>Once you click, that network may record information about you and your visit to our site. It cannot be ruled out that such data will be processed in the United States.<\/p>\\n<p>Initially, this data includes such things as your IP address, the date and time of your visit, and the page visited. If you are logged into your user account on that network, however, the network operator might assign the information collected about your visit to our site to your personal account. If you interact by clicking Like, Share, etc., this information can be stored your personal user account and possibly posted on the respective network. To prevent this, you need to log out of your social media account before clicking on the graphic. The various social media networks also offer settings that you can configure accordingly.<\/p>\\n<p>The following social networks are integrated into our site by linked graphics:<\/p>\\n<h4><strong>YouTube<\/strong><\/h4>\\n<p>Google Ireland Limited, Gordon House, Barrow Street, Dublin 4, Irland, a subsidiary of Google LLC, 1600 Amphitheatre Parkway, Mountain View, CA 94043 USA<\/p>\\n<p>Privacy Policy:<span>\u00a0<\/span><a rel=\\\"noopener\\\" href=\\\"https:\/\/policies.google.com\/privacy\\\" target=\\\"_blank\\\">https:\/\/policies.google.com\/privacy<\/a><\/p>\\n<p><a rel=\\\"noopener\\\" href=\\\"https:\/\/www.ratgeberrecht.eu\/leistungen\/muster-datenschutzerklaerung.html\\\" target=\\\"_blank\\\">Model Data Protection Statement<\/a><span>\u00a0<\/span>for<span>\u00a0<\/span><a rel=\\\"noopener\\\" href=\\\"https:\/\/www.ratgeberrecht.eu\/\\\" target=\\\"_blank\\\">Anwaltskanzlei Wei\u00df &amp; Partner<\/a><\/p>\",\r\n      \"align\": \"top\",\r\n      \"row\": 1,\r\n      \"col\": 3,\r\n      \"colspan\": 12,\r\n      \"offsetx\": 0,\r\n      \"offsety\": 0,\r\n      \"spaceabove\": 0,\r\n      \"spacebelow\": 0,\r\n      \"yvel\": 1,\r\n      \"push\": 3,\r\n      \"relid\": 4,\r\n      \"absolute_position\": false\r\n    }\r\n  ]\r\n}","phonegrid":"","_links":{"self":[{"href":"https:\/\/suelosnegros-bio.com\/es\/wp-json\/wp\/v2\/pages\/3","targetHints":{"allow":["GET"]}}],"collection":[{"href":"https:\/\/suelosnegros-bio.com\/es\/wp-json\/wp\/v2\/pages"}],"about":[{"href":"https:\/\/suelosnegros-bio.com\/es\/wp-json\/wp\/v2\/types\/page"}],"author":[{"embeddable":true,"href":"https:\/\/suelosnegros-bio.com\/es\/wp-json\/wp\/v2\/users\/1"}],"replies":[{"embeddable":true,"href":"https:\/\/suelosnegros-bio.com\/es\/wp-json\/wp\/v2\/comments?post=3"}],"version-history":[{"count":0,"href":"https:\/\/suelosnegros-bio.com\/es\/wp-json\/wp\/v2\/pages\/3\/revisions"}],"wp:attachment":[{"href":"https:\/\/suelosnegros-bio.com\/es\/wp-json\/wp\/v2\/media?parent=3"}],"curies":[{"name":"wp","href":"https:\/\/api.w.org\/{rel}","templated":true}]}}